{"id":19636,"date":"2023-09-18T19:47:21","date_gmt":"2023-09-18T23:47:21","guid":{"rendered":"https:\/\/biltmorehotel.com\/campo-de-golf-de-campeonato\/normativa-del-campo-de-golf\/"},"modified":"2026-04-07T15:46:20","modified_gmt":"2026-04-07T19:46:20","slug":"normativa-del-campo-de-golf","status":"publish","type":"page","link":"https:\/\/biltmorehotel.com\/es\/campo-de-golf-de-campeonato\/normativa-del-campo-de-golf\/","title":{"rendered":"Normativa del campo de golf"},"content":{"rendered":"<p><div class=\"fusion-fullwidth fullwidth-box fusion-builder-row-1 fusion-flex-container has-pattern-background has-mask-background nonhundred-percent-fullwidth non-hundred-percent-height-scrolling fusion-animated\" style=\"--awb-background-repeat:repeat-y;--awb-border-radius-top-left:0px;--awb-border-radius-top-right:0px;--awb-border-radius-bottom-right:0px;--awb-border-radius-bottom-left:0px;--awb-padding-top:70px;--awb-padding-bottom:70px;--awb-padding-top-small:40px;--awb-padding-bottom-small:40px;--awb-flex-wrap:wrap;\" data-animationType=\"fadeIn\" data-animationDuration=\"0.5\" data-animationOffset=\"top-into-view\" ><div class=\"fusion-builder-row fusion-row fusion-flex-align-items-stretch fusion-flex-justify-content-center fusion-flex-content-wrap\" style=\"max-width:1444.5px;margin-left: calc(-7% \/ 2 );margin-right: calc(-7% \/ 2 );\"><div class=\"fusion-layout-column fusion_builder_column fusion-builder-column-0 fusion_builder_column_4_5 4_5 fusion-flex-column\" style=\"--awb-bg-size:cover;--awb-width-large:80%;--awb-margin-top-large:0px;--awb-spacing-right-large:4.06875%;--awb-margin-bottom-large:0px;--awb-spacing-left-large:4.06875%;--awb-width-medium:100%;--awb-order-medium:0;--awb-spacing-right-medium:3.255%;--awb-spacing-left-medium:3.255%;--awb-width-small:100%;--awb-order-small:0;--awb-spacing-right-small:3.255%;--awb-spacing-left-small:3.255%;\" data-scroll-devices=\"small-visibility,medium-visibility,large-visibility\"><div class=\"fusion-column-wrapper fusion-column-has-shadow fusion-flex-justify-content-center fusion-content-layout-column\"><div class=\"fusion-title title fusion-title-1 fusion-sep-none fusion-title-center fusion-title-text fusion-title-size-two\" style=\"--awb-margin-top-small:10px;--awb-margin-right-small:0px;--awb-margin-bottom-small:10px;--awb-margin-left-small:0px;--awb-font-size:var(--awb-typography1-font-size);\"><h2 class=\"fusion-title-heading title-heading-center fusion-responsive-typography-calculated\" style=\"font-family:var(--awb-typography1-font-family);font-weight:var(--awb-typography1-font-weight);font-style:var(--awb-typography1-font-style);margin:0;letter-spacing:var(--awb-typography1-letter-spacing);text-transform:var(--awb-typography1-text-transform);font-size:1em;--fontSize:30;line-height:1.4;\">Las siguientes normativas est\u00e1n en vigor<\/h2><\/div><\/div><\/div><\/div><\/div><div class=\"fusion-fullwidth fullwidth-box fusion-builder-row-2 fusion-flex-container has-pattern-background has-mask-background nonhundred-percent-fullwidth non-hundred-percent-height-scrolling\" style=\"--link_color: var(--awb-color2);--awb-border-radius-top-left:0px;--awb-border-radius-top-right:0px;--awb-border-radius-bottom-right:0px;--awb-border-radius-bottom-left:0px;--awb-padding-top:100px;--awb-padding-bottom:100px;--awb-padding-top-small:40px;--awb-padding-bottom-small:40px;--awb-background-color:var(--awb-color6);--awb-flex-wrap:wrap;\" ><div class=\"fusion-builder-row fusion-row fusion-flex-align-items-stretch fusion-flex-justify-content-center fusion-flex-content-wrap\" style=\"max-width:1444.5px;margin-left: calc(-7% \/ 2 );margin-right: calc(-7% \/ 2 );\"><div class=\"fusion-layout-column fusion_builder_column fusion-builder-column-1 fusion_builder_column_1_2 1_2 fusion-flex-column fusion-animated\" style=\"--awb-bg-size:cover;--awb-width-large:50%;--awb-margin-top-large:0px;--awb-spacing-right-large:6.51%;--awb-margin-bottom-large:0px;--awb-spacing-left-large:6.51%;--awb-width-medium:60%;--awb-order-medium:0;--awb-spacing-right-medium:5.425%;--awb-spacing-left-medium:5.425%;--awb-width-small:100%;--awb-order-small:2;--awb-spacing-right-small:3.255%;--awb-spacing-left-small:3.255%;\" data-animationType=\"fadeInUp\" data-animationDuration=\"0.8\" data-animationDelay=\"0.5\" data-animationOffset=\"top-into-view\" data-scroll-devices=\"small-visibility,medium-visibility,large-visibility\"><div class=\"fusion-column-wrapper fusion-column-has-shadow fusion-flex-justify-content-center fusion-content-layout-column\"><div class=\"fusion-title title fusion-title-2 fusion-sep-none fusion-title-text fusion-title-size-div fusion-text-has-stroke\" style=\"--awb-margin-top-small:10px;--awb-margin-right-small:0px;--awb-margin-bottom-small:10px;--awb-margin-left-small:0px;--awb-text-stroke-size:0px;--awb-text-stroke-color:var(--awb-color7);--awb-font-size:var(--awb-typography1-font-size);\"><div class=\"fusion-title-heading title-heading-left title-heading-tag fusion-responsive-typography-calculated\" style=\"font-family:var(--awb-typography1-font-family);font-weight:var(--awb-typography1-font-weight);font-style:var(--awb-typography1-font-style);margin:0;letter-spacing:var(--awb-typography1-letter-spacing);text-transform:var(--awb-typography1-text-transform);font-size:1em;--fontSize:30;line-height:1.4;\">Normas de tarifas<\/div><\/div><div class=\"fusion-text fusion-text-1\" style=\"--awb-text-transform:none;\"><ul>\n<li>Las tarifas sin carro son las tarifas de golf menos 37,00 $ para 18 hoyos y 30,00 $ para 9 hoyos.<\/li>\n<li>Se permite caminar \u00fanicamente de jueves a domingo y festivos despu\u00e9s de las 15:00.<\/li>\n<li>Las tarifas de carro de golf son por persona\/asiento, no por carro.<\/li>\n<li>Bolas de practica:\u00a0 12,00 $* por una ceste pequena (aproximadamente 35 bolas) y 20,00 $* por una cesta grande (aproximadamente 70 bolas).<\/li>\n<li>Debe tener 18 a\u00f1os o m\u00e1s y poseer un permiso de conducir v\u00e1lido para operar un carro de golf.<\/li>\n<li>Cada jugador debe tener su propio juego de palos.<\/li>\n<li>Todas las tarifas est\u00e1n sujetas a cambios y al 7 % de impuesto sobre las ventas del estado de Florida.<\/li>\n<\/ul>\n<\/div><\/div><\/div><div class=\"fusion-layout-column fusion_builder_column fusion-builder-column-2 fusion_builder_column_1_2 1_2 fusion-flex-column fusion-animated\" style=\"--awb-bg-image:url(&#039;https:\/\/biltmorehotel.com\/wp-content\/uploads\/Biltmore-Hotel-Miami-Coral-Gables-Golf-Course-Hole-16.jpg&#039;);--awb-bg-position:center center;--awb-bg-size:cover;--awb-width-large:50%;--awb-margin-top-large:0px;--awb-spacing-right-large:6.51%;--awb-margin-bottom-large:0px;--awb-spacing-left-large:6.51%;--awb-width-medium:40%;--awb-order-medium:0;--awb-margin-top-medium:20px;--awb-spacing-right-medium:8.1375%;--awb-margin-bottom-medium:20px;--awb-spacing-left-medium:8.1375%;--awb-width-small:100%;--awb-order-small:1;--awb-spacing-right-small:3.255%;--awb-spacing-left-small:3.255%;\" data-animationType=\"fadeInUp\" data-animationDuration=\"0.8\" data-animationDelay=\"0.5\" data-animationOffset=\"top-into-view\" data-scroll-devices=\"small-visibility,medium-visibility,large-visibility\"><div class=\"fusion-column-wrapper fusion-column-has-shadow fusion-flex-justify-content-center fusion-content-layout-column fusion-column-has-bg-image\" data-bg-url=\"https:\/\/biltmorehotel.com\/wp-content\/uploads\/Biltmore-Hotel-Miami-Coral-Gables-Golf-Course-Hole-16.jpg\"><div class=\"fusion-separator fusion-full-width-sep\" style=\"align-self: center;margin-left: auto;margin-right: auto;margin-top:300px;width:100%;\"><\/div><div class=\"fusion-separator fusion-no-small-visibility fusion-full-width-sep\" style=\"align-self: center;margin-left: auto;margin-right: auto;margin-top:150px;width:100%;\"><\/div><\/div><\/div><\/div><\/div><div class=\"fusion-fullwidth fullwidth-box fusion-builder-row-3 fusion-flex-container has-pattern-background has-mask-background nonhundred-percent-fullwidth non-hundred-percent-height-scrolling\" style=\"--link_color: var(--awb-color2);--awb-border-radius-top-left:0px;--awb-border-radius-top-right:0px;--awb-border-radius-bottom-right:0px;--awb-border-radius-bottom-left:0px;--awb-padding-top:100px;--awb-padding-bottom:100px;--awb-padding-top-small:40px;--awb-padding-bottom-small:40px;--awb-flex-wrap:wrap;\" ><div class=\"fusion-builder-row fusion-row fusion-flex-align-items-stretch fusion-flex-justify-content-center fusion-flex-content-wrap\" style=\"max-width:1444.5px;margin-left: calc(-7% \/ 2 );margin-right: calc(-7% \/ 2 );\"><div class=\"fusion-layout-column fusion_builder_column fusion-builder-column-3 fusion_builder_column_1_2 1_2 fusion-flex-column fusion-animated\" style=\"--awb-bg-image:url(&#039;https:\/\/biltmorehotel.com\/wp-content\/uploads\/Biltmore-Hotel-Miami-Coral-Gables-Golf-Woman-in-Sand.jpg&#039;);--awb-bg-position:center center;--awb-bg-size:cover;--awb-width-large:50%;--awb-margin-top-large:0px;--awb-spacing-right-large:6.51%;--awb-margin-bottom-large:0px;--awb-spacing-left-large:6.51%;--awb-width-medium:40%;--awb-order-medium:0;--awb-margin-top-medium:20px;--awb-spacing-right-medium:8.1375%;--awb-margin-bottom-medium:20px;--awb-spacing-left-medium:8.1375%;--awb-width-small:100%;--awb-order-small:1;--awb-spacing-right-small:3.255%;--awb-spacing-left-small:3.255%;\" data-animationType=\"fadeInUp\" data-animationDuration=\"0.8\" data-animationDelay=\"0.5\" data-animationOffset=\"top-into-view\" data-scroll-devices=\"small-visibility,medium-visibility,large-visibility\"><div class=\"fusion-column-wrapper fusion-column-has-shadow fusion-flex-justify-content-center fusion-content-layout-column fusion-column-has-bg-image\" data-bg-url=\"https:\/\/biltmorehotel.com\/wp-content\/uploads\/Biltmore-Hotel-Miami-Coral-Gables-Golf-Woman-in-Sand.jpg\"><div class=\"fusion-separator fusion-full-width-sep\" style=\"align-self: center;margin-left: auto;margin-right: auto;margin-top:300px;width:100%;\"><\/div><div class=\"fusion-separator fusion-no-small-visibility fusion-full-width-sep\" style=\"align-self: center;margin-left: auto;margin-right: auto;margin-top:150px;width:100%;\"><\/div><\/div><\/div><div class=\"fusion-layout-column fusion_builder_column fusion-builder-column-4 fusion_builder_column_1_2 1_2 fusion-flex-column fusion-animated\" style=\"--awb-bg-size:cover;--awb-width-large:50%;--awb-margin-top-large:0px;--awb-spacing-right-large:6.51%;--awb-margin-bottom-large:0px;--awb-spacing-left-large:6.51%;--awb-width-medium:60%;--awb-order-medium:0;--awb-spacing-right-medium:5.425%;--awb-spacing-left-medium:5.425%;--awb-width-small:100%;--awb-order-small:2;--awb-spacing-right-small:3.255%;--awb-spacing-left-small:3.255%;\" data-animationType=\"fadeInUp\" data-animationDuration=\"0.8\" data-animationDelay=\"0.5\" data-animationOffset=\"top-into-view\" data-scroll-devices=\"small-visibility,medium-visibility,large-visibility\"><div class=\"fusion-column-wrapper fusion-column-has-shadow fusion-flex-justify-content-center fusion-content-layout-column\"><div class=\"fusion-title title fusion-title-3 fusion-sep-none fusion-title-text fusion-title-size-div fusion-text-has-stroke\" style=\"--awb-margin-top-small:10px;--awb-margin-right-small:0px;--awb-margin-bottom-small:10px;--awb-margin-left-small:0px;--awb-text-stroke-size:0px;--awb-text-stroke-color:var(--awb-color7);--awb-font-size:var(--awb-typography1-font-size);\"><div class=\"fusion-title-heading title-heading-left title-heading-tag fusion-responsive-typography-calculated\" style=\"font-family:var(--awb-typography1-font-family);font-weight:var(--awb-typography1-font-weight);font-style:var(--awb-typography1-font-style);margin:0;letter-spacing:var(--awb-typography1-letter-spacing);text-transform:var(--awb-typography1-text-transform);font-size:1em;--fontSize:30;line-height:1.4;\">C\u00f3digo de vestimenta<\/div><\/div><div class=\"fusion-text fusion-text-2\" style=\"--awb-text-transform:none;\"><p>Debe llevarse vestimenta de golf apropiada en todo momento en nuestro campo de golf en Miami, FL, y en las instalaciones de golf. La normativa de vestimenta se aplica tanto a adultos como a ni\u00f1os. La normativa se aplicar\u00e1 a todos los socios, sus invitados y el p\u00fablico en general. La normativa se aplica a todos los jugadores y espectadores que utilicen el campo, las instalaciones de pr\u00e1ctica, el campo de pr\u00e1cticas, la zona de chipping, el putting green, la escuela de golf, las instalaciones de restauraci\u00f3n y la casa club. Los espectadores que accedan al campo de golf deben llevar vestimenta apropiada.<\/p>\n<p><strong>No se le permitir\u00e1 jugar ni utilizar las instalaciones si lleva:<\/strong><\/p>\n<ul>\n<li>Vaqueros o pantalones cortos vaqueros<\/li>\n<li>Pantalones muy cortos<\/li>\n<li>Camisetas o camisetas de tirantes<\/li>\n<li>Camisetas de deporte sin cuello<\/li>\n<li>Chanclas<\/li>\n<li>Tops cortos, pantalones de yoga<\/li>\n<li>Ba\u00f1adores<\/li>\n<li>Ropa m\u00e9dica<\/li>\n<li>Pantalones cortos de deporte o de baloncesto<\/li>\n<li>Camisas o pantalones rotos<\/li>\n<li>Camisas con botones<\/li>\n<li>Mallas<\/li>\n<li>Monos<\/li>\n<li>Descalzo<\/li>\n<li>Las faldas pantal\u00f3n deben tener una longitud apropiada (no m\u00e1s cortas que el extremo del pulgar cuando los brazos se mantienen a los lados).<\/li>\n<\/ul>\n<\/div><\/div><\/div><\/div><\/div><div class=\"fusion-fullwidth fullwidth-box fusion-builder-row-4 fusion-flex-container has-pattern-background has-mask-background nonhundred-percent-fullwidth non-hundred-percent-height-scrolling\" style=\"--link_color: var(--awb-color2);--awb-border-radius-top-left:0px;--awb-border-radius-top-right:0px;--awb-border-radius-bottom-right:0px;--awb-border-radius-bottom-left:0px;--awb-padding-top:100px;--awb-padding-bottom:100px;--awb-padding-top-small:40px;--awb-padding-bottom-small:40px;--awb-background-color:var(--awb-color6);--awb-flex-wrap:wrap;\" ><div class=\"fusion-builder-row fusion-row fusion-flex-align-items-stretch fusion-flex-justify-content-center fusion-flex-content-wrap\" style=\"max-width:1444.5px;margin-left: calc(-7% \/ 2 );margin-right: calc(-7% \/ 2 );\"><div class=\"fusion-layout-column fusion_builder_column fusion-builder-column-5 fusion_builder_column_1_2 1_2 fusion-flex-column fusion-animated\" style=\"--awb-bg-size:cover;--awb-width-large:50%;--awb-margin-top-large:0px;--awb-spacing-right-large:6.51%;--awb-margin-bottom-large:0px;--awb-spacing-left-large:6.51%;--awb-width-medium:60%;--awb-order-medium:0;--awb-spacing-right-medium:5.425%;--awb-spacing-left-medium:5.425%;--awb-width-small:100%;--awb-order-small:2;--awb-spacing-right-small:3.255%;--awb-spacing-left-small:3.255%;\" data-animationType=\"fadeInUp\" data-animationDuration=\"0.8\" data-animationDelay=\"0.5\" data-animationOffset=\"top-into-view\" data-scroll-devices=\"small-visibility,medium-visibility,large-visibility\"><div class=\"fusion-column-wrapper fusion-column-has-shadow fusion-flex-justify-content-center fusion-content-layout-column\"><div class=\"fusion-title title fusion-title-4 fusion-sep-none fusion-title-text fusion-title-size-div fusion-text-has-stroke\" style=\"--awb-margin-top-small:10px;--awb-margin-right-small:0px;--awb-margin-bottom-small:10px;--awb-margin-left-small:0px;--awb-text-stroke-size:0px;--awb-text-stroke-color:var(--awb-color7);--awb-font-size:var(--awb-typography1-font-size);\"><div class=\"fusion-title-heading title-heading-left title-heading-tag fusion-responsive-typography-calculated\" style=\"font-family:var(--awb-typography1-font-family);font-weight:var(--awb-typography1-font-weight);font-style:var(--awb-typography1-font-style);margin:0;letter-spacing:var(--awb-typography1-letter-spacing);text-transform:var(--awb-typography1-text-transform);font-size:1em;--fontSize:30;line-height:1.4;\">Espectadores<\/div><\/div><div class=\"fusion-text fusion-text-3\" style=\"--awb-text-transform:none;\"><p><strong>No se permiten espectadores a pie en ning\u00fan momento. No se permiten caddies a pie. No se permiten espectadores en el campo de jueves a domingo. <\/strong><\/p>\n<p>De lunes a mi\u00e9rcoles, cuando se permiten espectadores, est\u00e1n sujetos a las mismas normativas que los jugadores. Los espectadores deben cumplir el c\u00f3digo de vestimenta de Biltmore Golf y seguir todos los avisos de seguridad que puedan estar publicados. Los carros para espectadores est\u00e1n sujetos a disponibilidad.<\/p>\n<\/div><div ><a class=\"fusion-button button-flat fusion-button-default-size button-default fusion-button-default button-1 fusion-button-default-span fusion-button-default-type\" target=\"_self\" href=\"https:\/\/biltmorehotel.com\/miami-resort-calendar\/\"><span class=\"fusion-button-text awb-button__text awb-button__text--default\">Calendario de eventos<\/span><\/a><\/div><\/div><\/div><div class=\"fusion-layout-column fusion_builder_column fusion-builder-column-6 fusion_builder_column_1_2 1_2 fusion-flex-column fusion-animated\" style=\"--awb-bg-image:url(&#039;https:\/\/biltmorehotel.com\/wp-content\/uploads\/Biltmore-Hotel-Miami-Coral-Gables-Golf-Ball.jpg&#039;);--awb-bg-position:center center;--awb-bg-size:cover;--awb-width-large:50%;--awb-margin-top-large:0px;--awb-spacing-right-large:6.51%;--awb-margin-bottom-large:0px;--awb-spacing-left-large:6.51%;--awb-width-medium:40%;--awb-order-medium:0;--awb-margin-top-medium:20px;--awb-spacing-right-medium:8.1375%;--awb-margin-bottom-medium:20px;--awb-spacing-left-medium:8.1375%;--awb-width-small:100%;--awb-order-small:1;--awb-spacing-right-small:3.255%;--awb-spacing-left-small:3.255%;\" data-animationType=\"fadeInUp\" data-animationDuration=\"0.8\" data-animationDelay=\"0.5\" data-animationOffset=\"top-into-view\" data-scroll-devices=\"small-visibility,medium-visibility,large-visibility\"><div class=\"fusion-column-wrapper fusion-column-has-shadow fusion-flex-justify-content-center fusion-content-layout-column fusion-column-has-bg-image\" data-bg-url=\"https:\/\/biltmorehotel.com\/wp-content\/uploads\/Biltmore-Hotel-Miami-Coral-Gables-Golf-Ball.jpg\"><div class=\"fusion-separator fusion-full-width-sep\" style=\"align-self: center;margin-left: auto;margin-right: auto;margin-top:300px;width:100%;\"><\/div><div class=\"fusion-separator fusion-no-small-visibility fusion-full-width-sep\" style=\"align-self: center;margin-left: auto;margin-right: auto;margin-top:150px;width:100%;\"><\/div><\/div><\/div><\/div><\/div><div class=\"fusion-fullwidth fullwidth-box fusion-builder-row-5 fusion-flex-container has-pattern-background has-mask-background nonhundred-percent-fullwidth non-hundred-percent-height-scrolling\" style=\"--awb-border-radius-top-left:0px;--awb-border-radius-top-right:0px;--awb-border-radius-bottom-right:0px;--awb-border-radius-bottom-left:0px;--awb-padding-top:30px;--awb-padding-bottom:20px;--awb-padding-bottom-small:40px;--awb-background-color:var(--awb-color4);--awb-flex-wrap:wrap;\" ><div class=\"fusion-builder-row fusion-row fusion-flex-align-items-flex-start fusion-flex-justify-content-center fusion-flex-content-wrap\" style=\"max-width:1444.5px;margin-left: calc(-7% \/ 2 );margin-right: calc(-7% \/ 2 );\"><div class=\"fusion-layout-column fusion_builder_column fusion-builder-column-7 fusion_builder_column_1_1 1_1 fusion-flex-column forcewrap\" style=\"--awb-bg-size:cover;--awb-width-large:100%;--awb-margin-top-large:0px;--awb-spacing-right-large:3.255%;--awb-margin-bottom-large:0px;--awb-spacing-left-large:3.255%;--awb-width-medium:100%;--awb-order-medium:0;--awb-spacing-right-medium:3.255%;--awb-spacing-left-medium:3.255%;--awb-width-small:100%;--awb-order-small:0;--awb-spacing-right-small:3.255%;--awb-spacing-left-small:3.255%;\" data-scroll-devices=\"small-visibility,medium-visibility,large-visibility\"><div class=\"fusion-column-wrapper fusion-column-has-shadow fusion-flex-justify-content-center fusion-content-layout-row fusion-content-nowrap\"><div class=\"fusion-title title fusion-title-5 fusion-sep-none fusion-title-center fusion-title-text fusion-title-size-div\" style=\"--awb-text-color:var(--awb-color1);--awb-margin-right:30px;--awb-margin-top-small:10px;--awb-margin-right-small:15px;--awb-margin-bottom-small:10px;--awb-margin-left-small:0px;--awb-font-size:var(--awb-typography2-font-size);\"><div class=\"fusion-title-heading title-heading-center title-heading-tag fusion-responsive-typography-calculated\" style=\"font-family:var(--awb-typography2-font-family);font-weight:var(--awb-typography2-font-weight);font-style:var(--awb-typography2-font-style);margin:0;letter-spacing:var(--awb-typography2-letter-spacing);text-transform:var(--awb-typography2-text-transform);font-size:1em;--fontSize:25;line-height:1.52;\">M\u00e1s informaci\u00f3n sobre el campo de golf de The Biltmore<\/div><\/div><div style=\"text-align:center;\"><a class=\"fusion-button button-flat fusion-button-default-size button-default fusion-button-default button-2 fusion-button-default-span fusion-button-default-type ft-ignore\" target=\"_self\" href=\"\/es\/campo-de-golf-de-campeonato\/\"><span class=\"fusion-button-text awb-button__text awb-button__text--default\">Descripci\u00f3n general del golf<\/span><\/a><\/div><\/div><\/div><\/div><\/div>\n<\/p>\n","protected":false},"excerpt":{"rendered":"","protected":false},"author":14,"featured_media":19583,"parent":19573,"menu_order":0,"comment_status":"closed","ping_status":"closed","template":"100-width.php","meta":{"_acf_changed":false,"om_disable_all_campaigns":false,"_monsterinsights_skip_tracking":false,"_monsterinsights_sitenote_active":false,"_monsterinsights_sitenote_note":"","_monsterinsights_sitenote_category":0,"footnotes":""},"class_list":["post-19636","page","type-page","status-publish","has-post-thumbnail","hentry"],"acf":[],"aioseo_notices":[],"publishpress_future_action":{"enabled":false,"date":"2026-05-08 08:25:09","action":"change-status","newStatus":"draft","terms":[],"taxonomy":"translation_priority","extraData":[]},"publishpress_future_workflow_manual_trigger":{"enabledWorkflows":[]},"_links":{"self":[{"href":"https:\/\/biltmorehotel.com\/es\/wp-json\/wp\/v2\/pages\/19636","targetHints":{"allow":["GET"]}}],"collection":[{"href":"https:\/\/biltmorehotel.com\/es\/wp-json\/wp\/v2\/pages"}],"about":[{"href":"https:\/\/biltmorehotel.com\/es\/wp-json\/wp\/v2\/types\/page"}],"author":[{"embeddable":true,"href":"https:\/\/biltmorehotel.com\/es\/wp-json\/wp\/v2\/users\/14"}],"replies":[{"embeddable":true,"href":"https:\/\/biltmorehotel.com\/es\/wp-json\/wp\/v2\/comments?post=19636"}],"version-history":[{"count":0,"href":"https:\/\/biltmorehotel.com\/es\/wp-json\/wp\/v2\/pages\/19636\/revisions"}],"up":[{"embeddable":true,"href":"https:\/\/biltmorehotel.com\/es\/wp-json\/wp\/v2\/pages\/19573"}],"wp:featuredmedia":[{"embeddable":true,"href":"https:\/\/biltmorehotel.com\/es\/wp-json\/wp\/v2\/media\/19583"}],"wp:attachment":[{"href":"https:\/\/biltmorehotel.com\/es\/wp-json\/wp\/v2\/media?parent=19636"}],"curies":[{"name":"wp","href":"https:\/\/api.w.org\/{rel}","templated":true}]}}